{"id":1299,"date":"2017-10-30T14:27:22","date_gmt":"2017-10-30T13:27:22","guid":{"rendered":"https:\/\/fallada.de\/gesellschaft-stiftung\/"},"modified":"2020-03-15T21:28:25","modified_gmt":"2020-03-15T20:28:25","slug":"gesellschaft-stiftung","status":"publish","type":"page","link":"https:\/\/fallada.de\/pl\/gesellschaft-stiftung\/","title":{"rendered":"Gesellschaft &#8211; Stiftung &#8211; pl"},"content":{"rendered":"<section class=\"l-section wpb_row height_medium\"><div class=\"l-section-h i-cf\"><div class=\"g-cols vc_row via_flex valign_top type_default stacking_default\"><div class=\"vc_col-sm-3 vc_hidden-sm vc_hidden-xs wpb_column vc_column_container has_bg_color\"><div class=\"vc_column-inner us_custom_65ef063e\"><div class=\"wpb_wrapper\"><div class=\"wpb_widgetised_column wpb_content_element\"><div class=\"wpb_wrapper\"><div id=\"nav_menu-6\" class=\"widget widget_nav_menu\"><div class=\"menu-hauptmenue-container\"><ul id=\"menu-hauptmenue\" class=\"menu\"><li id=\"menu-item-88\" class=\"menu-item menu-item-type-post_type menu-item-object-page menu-item-has-children menu-item-88\"><a href=\"https:\/\/fallada.de\/lebensstationen\/\">Fallada &#8211; Lebensstationen polnisch<\/a>\n<ul class=\"sub-menu\">\n\t<li id=\"menu-item-97\" class=\"menu-item menu-item-type-post_type menu-item-object-page menu-item-97\"><a href=\"https:\/\/fallada.de\/lebensstationen\/\">Fallada &#8211; Lebensstationen polnisch<\/a><\/li>\n\t<li id=\"menu-item-432\" class=\"menu-item menu-item-type-post_type menu-item-object-page menu-item-432\"><a href=\"https:\/\/fallada.de\/werkliste\/\">Fallada &#8211; Werkliste<\/a><\/li>\n<\/ul>\n<\/li>\n<li id=\"menu-item-1138\" class=\"menu-item menu-item-type-post_type menu-item-object-page menu-item-has-children menu-item-1138\"><a href=\"https:\/\/fallada.de\/museum-start\/\">Museum Start polnisch<\/a>\n<ul class=\"sub-menu\">\n\t<li id=\"menu-item-1139\" class=\"menu-item menu-item-type-post_type menu-item-object-page menu-item-1139\"><a href=\"https:\/\/fallada.de\/museum-start\/\">Museum Start polnisch<\/a><\/li>\n<\/ul>\n<\/li>\n<li id=\"menu-item-267\" class=\"menu-item menu-item-type-post_type menu-item-object-page menu-item-has-children menu-item-267\"><a href=\"https:\/\/fallada.de\/hfg\/\">Gesellschaft polnisch<\/a>\n<ul class=\"sub-menu\">\n\t<li id=\"menu-item-266\" class=\"menu-item menu-item-type-post_type menu-item-object-page menu-item-266\"><a href=\"https:\/\/fallada.de\/hfg\/\">Gesellschaft polnisch<\/a><\/li>\n\t<li id=\"menu-item-941\" class=\"menu-item menu-item-type-post_type menu-item-object-page menu-item-941\"><a href=\"https:\/\/fallada.de\/gesellschaft-publikat\/\">Gesellschaft &#8211; Publikationen pl<\/a><\/li>\n\t<li id=\"menu-item-655\" class=\"menu-item menu-item-type-post_type menu-item-object-page menu-item-655\"><a href=\"https:\/\/fallada.de\/salatgarten\/\">Salatgarten &#8211; pl<\/a><\/li>\n\t<li id=\"menu-item-1255\" class=\"menu-item menu-item-type-post_type menu-item-object-page menu-item-has-children menu-item-1255\"><a href=\"https:\/\/fallada.de\/partner\/\">Kooperationspartner &#8211; polnisch<\/a>\n\t<ul class=\"sub-menu\">\n\t\t<li id=\"menu-item-663\" class=\"menu-item menu-item-type-post_type menu-item-object-page menu-item-663\"><a href=\"https:\/\/fallada.de\/gesellschaft-stiftung\/\">Gesellschaft &#8211; Stiftung &#8211; pl<\/a><\/li>\n\t\t<li id=\"menu-item-658\" class=\"menu-item menu-item-type-post_type menu-item-object-page menu-item-658\"><a href=\"https:\/\/fallada.de\/gesellschaft-archiv\/\">Gesellschaft &#8211; Archiv &#8211; pl<\/a><\/li>\n\t<\/ul>\n<\/li>\n\t<li id=\"menu-item-438\" class=\"menu-item menu-item-type-post_type menu-item-object-page menu-item-438\"><a href=\"https:\/\/fallada.de\/links\/\">Links &#8211; polnisch<\/a><\/li>\n<\/ul>\n<\/li>\n<\/ul><\/div><\/div><div id=\"nav_menu-7\" class=\"widget widget_nav_menu\"><\/div><\/div><\/div><\/div><\/div><\/div><div class=\"vc_col-sm-9 wpb_column vc_column_container\"><div class=\"vc_column-inner\"><div class=\"wpb_wrapper\">[rev_slider_vc alias=&#8221;Home&#8221;][vc_custom_heading text=&#8221;Fundacja-Hansa-Fallady&#8221; use_theme_fonts=&#8221;yes&#8221;]<div class=\"wpb_text_column\"><div class=\"wpb_wrapper\"><p>Z dniem 6 kwietnia 2000 \u201eFundacja Hansa Fallady\u201d naby\u0142a osobowo\u015b\u0107 prawn\u0105. Miasto Neubrandenburg reprezentowane przez nadburmistrza ustanowi\u0142o zdoln\u0105 prawnie Fundacji\u0119 (wg prawa cywilnego) z kapita\u0142em za\u0142o\u017cycielskim 600 000DM i siedzib\u0105 w Neubrandenburg. Darowizny s\u0105 mile widziane i zawsze mo\u017cliwe. Fundacja podlega nadzorowi Ministerstwa Spraw Wewn\u0119trznych Mecklenburg Vorpommern.<br \/>\nW \u00a7 2 Statusu Fundacji zosta\u0142o ustalone, \u017ce Fundacja b\u0119dzie s\u0142u\u017cy\u0107 dobru powszechnemu i nast\u0119puj\u0105co sformuowane:<\/p>\n<p><strong>\u201eCelem Fundacji jest sta\u0142e piel\u0119gnowanie i utrzymywanie dziedzictwa Hansa Fallady w najszerszym tego s\u0142owa znaczeniu, zgodnie z \u00a7 58 Nr. 1 AO Fundacja przede wszystkim wspiera piel\u0119gnowanie i rozszerzanie istniej\u0105cych zbior\u00f3w dotycz\u0105cych \u017cycia i tw\u00f3rczo\u015bci Hansa Fallady, a tak\u017ce naukowe opracowanie jego dzie\u0142 pisarskich i tym przyczynia si\u0119 do wspierania kultury.\u201d<\/strong><\/p>\n<p>Pierwsze Kuratorium i pierwsz\u0105 Rad\u0119 Fundacji ustanowi\u0142o miasto Neubrandenburg. Dnia 21.07.2000 na posiedzeniu za\u0142o\u017cycielskim w sali Stodo\u0142y znajduj\u0105cej si\u0119 w Carwitzkiej posiad\u0142o\u015bci Hansa Fallady spotka\u0142y si\u0119 powo\u0142ane do Rady osobisto\u015bci i wyda\u0142y zarz\u0105dzenia w celu okre\u015blenia zada\u0144 Fundacji, jak te\u017c regulamin i pierwszy projekt bud\u017cetowy Zarz\u0105du.<br \/>\nRealizacj\u0119 zada\u0144 Fundacji powierzono Centrum Literatury Neubrandenburg o.p.., kt\u00f3re w swojej ponad 30-to letniej dzia\u0142alno\u015bci stworzy\u0142o Archiwum Hansa Fallady i z powodzeniem nim zarz\u0105dza.<br \/>\nArchiwum Hansa Fallady znajduje si\u0119 w posiad\u0142o\u015bci w Carwitz. Fundacja wspiera utrzymanie i rozbudow\u0119 Archiwum od czasu jego powstania, wspiera zakupy, imprezy, konferencje naukowe i publikacje. Ponadto Fundacja zajmuje si\u0119 darowiznami w celu uzupe\u0142niania zbior\u00f3w oraz zdobywa sponsor\u00f3w (zobacz te\u017c dalsze informacje na temat Archiwum i Muzeum Hansa Fallady).<\/p>\n<p>Obecnie wed\u0142ug pisemnie ustalonego kodeksu, organy Fundacji s\u0105 nast\u0119puj\u0105co wybierane: Zarz\u0105d \u2013 co trzy lata, Kuratorium (opiekun prawny) co pi\u0119\u0107 lat. Cz\u0142onkowie poszczeg\u00f3lnych organ\u00f3w pracuj\u0105 dla Fundacji spo\u0142ecznie (bezp\u0142atnie) i jako osoby prywatne ponosz\u0105c wszelkie konsekwencje prawne.<\/p>\n<p>Adres Fundacji:<\/p>\n<p>Hans &#8211; Fallada &#8211; Stiftung,<br \/>\nc\/o Brigitte-Reimann-Literaturhaus, Gartenstr.6,<br \/>\n17033 Neubrandenburg,<br \/>\nTel.: 0395\/5719180<br \/>\nFax: 0395\/5719188<\/p>\n<p>Zarz\u0105dem kieruje Herr Volker Kunath, Prawnik,<br \/>\nPrzewodnicz\u0105cym Rady Prawnej jest Herr Achim Ditzen.<\/p>\n<\/div><\/div><\/div><\/div><\/div><\/div><\/div><\/section>\n","protected":false},"excerpt":{"rendered":"Fallada &#8211; Lebensstationen polnisch Fallada &#8211; Lebensstationen polnisch Fallada &#8211; Werkliste Museum Start polnisch Museum Start polnisch Gesellschaft polnisch Gesellschaft polnisch Gesellschaft &#8211; Publikationen pl Salatgarten &#8211; pl Kooperationspartner &#8211; polnisch Gesellschaft &#8211; Stiftung &#8211; pl Gesellschaft &#8211; Archiv &#8211; pl Links &#8211; polnisch [rev_slider_vc alias=\"Home\"][vc_custom_heading text=\"Fundacja-Hansa-Fallady\" use_theme_fonts=\"yes\"]Z dniem 6 kwietnia 2000 \u201eFundacja Hansa Fallady\u201d...","protected":false},"author":1,"featured_media":0,"parent":0,"menu_order":0,"comment_status":"closed","ping_status":"closed","template":"","meta":{"footnotes":""},"class_list":["post-1299","page","type-page","status-publish","hentry"],"_links":{"self":[{"href":"https:\/\/fallada.de\/pl\/wp-json\/wp\/v2\/pages\/1299","targetHints":{"allow":["GET"]}}],"collection":[{"href":"https:\/\/fallada.de\/pl\/wp-json\/wp\/v2\/pages"}],"about":[{"href":"https:\/\/fallada.de\/pl\/wp-json\/wp\/v2\/types\/page"}],"author":[{"embeddable":true,"href":"https:\/\/fallada.de\/pl\/wp-json\/wp\/v2\/users\/1"}],"replies":[{"embeddable":true,"href":"https:\/\/fallada.de\/pl\/wp-json\/wp\/v2\/comments?post=1299"}],"version-history":[{"count":5,"href":"https:\/\/fallada.de\/pl\/wp-json\/wp\/v2\/pages\/1299\/revisions"}],"predecessor-version":[{"id":2520,"href":"https:\/\/fallada.de\/pl\/wp-json\/wp\/v2\/pages\/1299\/revisions\/2520"}],"wp:attachment":[{"href":"https:\/\/fallada.de\/pl\/wp-json\/wp\/v2\/media?parent=1299"}],"curies":[{"name":"wp","href":"https:\/\/api.w.org\/{rel}","templated":true}]}}