{"id":1294,"date":"2017-10-30T14:24:25","date_gmt":"2017-10-30T13:24:25","guid":{"rendered":"https:\/\/fallada.de\/gesellschaft-archiv\/"},"modified":"2025-10-26T18:45:24","modified_gmt":"2025-10-26T17:45:24","slug":"gesellschaft-archiv","status":"publish","type":"page","link":"https:\/\/fallada.de\/pl\/gesellschaft-archiv\/","title":{"rendered":"Gesellschaft &#8211; Archiv &#8211; pl"},"content":{"rendered":"<section class=\"l-section wpb_row height_medium\"><div class=\"l-section-h i-cf\"><div class=\"g-cols vc_row via_flex valign_top type_default stacking_default\"><div class=\"vc_col-sm-3 vc_hidden-sm vc_hidden-xs wpb_column vc_column_container has_bg_color\"><div class=\"vc_column-inner us_custom_65ef063e\"><div class=\"wpb_wrapper\"><div class=\"wpb_widgetised_column wpb_content_element\"><div class=\"wpb_wrapper\"><div id=\"nav_menu-6\" class=\"widget widget_nav_menu\"><div class=\"menu-hauptmenue-container\"><ul id=\"menu-hauptmenue\" class=\"menu\"><li id=\"menu-item-88\" class=\"menu-item menu-item-type-post_type menu-item-object-page menu-item-has-children menu-item-88\"><a href=\"https:\/\/fallada.de\/lebensstationen\/\">Fallada &#8211; Lebensstationen polnisch<\/a>\n<ul class=\"sub-menu\">\n\t<li id=\"menu-item-97\" class=\"menu-item menu-item-type-post_type menu-item-object-page menu-item-97\"><a href=\"https:\/\/fallada.de\/lebensstationen\/\">Fallada &#8211; Lebensstationen polnisch<\/a><\/li>\n\t<li id=\"menu-item-432\" class=\"menu-item menu-item-type-post_type menu-item-object-page menu-item-432\"><a href=\"https:\/\/fallada.de\/werkliste\/\">Fallada &#8211; Werkliste<\/a><\/li>\n<\/ul>\n<\/li>\n<li id=\"menu-item-1138\" class=\"menu-item menu-item-type-post_type menu-item-object-page menu-item-has-children menu-item-1138\"><a href=\"https:\/\/fallada.de\/museum-start\/\">Museum Start polnisch<\/a>\n<ul class=\"sub-menu\">\n\t<li id=\"menu-item-1139\" class=\"menu-item menu-item-type-post_type menu-item-object-page menu-item-1139\"><a href=\"https:\/\/fallada.de\/museum-start\/\">Museum Start polnisch<\/a><\/li>\n<\/ul>\n<\/li>\n<li id=\"menu-item-267\" class=\"menu-item menu-item-type-post_type menu-item-object-page menu-item-has-children menu-item-267\"><a href=\"https:\/\/fallada.de\/hfg\/\">Gesellschaft polnisch<\/a>\n<ul class=\"sub-menu\">\n\t<li id=\"menu-item-266\" class=\"menu-item menu-item-type-post_type menu-item-object-page menu-item-266\"><a href=\"https:\/\/fallada.de\/hfg\/\">Gesellschaft polnisch<\/a><\/li>\n\t<li id=\"menu-item-941\" class=\"menu-item menu-item-type-post_type menu-item-object-page menu-item-941\"><a href=\"https:\/\/fallada.de\/gesellschaft-publikat\/\">Gesellschaft &#8211; Publikationen pl<\/a><\/li>\n\t<li id=\"menu-item-655\" class=\"menu-item menu-item-type-post_type menu-item-object-page menu-item-655\"><a href=\"https:\/\/fallada.de\/salatgarten\/\">Salatgarten &#8211; pl<\/a><\/li>\n\t<li id=\"menu-item-1255\" class=\"menu-item menu-item-type-post_type menu-item-object-page menu-item-has-children menu-item-1255\"><a href=\"https:\/\/fallada.de\/partner\/\">Kooperationspartner &#8211; polnisch<\/a>\n\t<ul class=\"sub-menu\">\n\t\t<li id=\"menu-item-663\" class=\"menu-item menu-item-type-post_type menu-item-object-page menu-item-663\"><a href=\"https:\/\/fallada.de\/gesellschaft-stiftung\/\">Gesellschaft &#8211; Stiftung &#8211; pl<\/a><\/li>\n\t\t<li id=\"menu-item-658\" class=\"menu-item menu-item-type-post_type menu-item-object-page menu-item-658\"><a href=\"https:\/\/fallada.de\/gesellschaft-archiv\/\">Gesellschaft &#8211; Archiv &#8211; pl<\/a><\/li>\n\t<\/ul>\n<\/li>\n\t<li id=\"menu-item-438\" class=\"menu-item menu-item-type-post_type menu-item-object-page menu-item-438\"><a href=\"https:\/\/fallada.de\/links\/\">Links &#8211; polnisch<\/a><\/li>\n<\/ul>\n<\/li>\n<\/ul><\/div><\/div><div id=\"nav_menu-7\" class=\"widget widget_nav_menu\"><\/div><\/div><\/div><\/div><\/div><\/div><div class=\"vc_col-sm-9 wpb_column vc_column_container\"><div class=\"vc_column-inner\"><div class=\"wpb_wrapper\">[rev_slider_vc alias=&#8221;Home&#8221;][vc_custom_heading text=&#8221;Archiwum Hansa Fallady&#8221; use_theme_fonts=&#8221;yes&#8221;]<div class=\"wpb_text_column\"><div class=\"wpb_wrapper\"><p>Archiwum Hansa Fallady znajduje si\u0119 w posiad\u0142o\u015bci pisarza w Carwitz, w bezpo\u015brednim s\u0105siedztwie Muzeum Hansa Fallady, naukowcy mog\u0105 tutaj pracowa\u0107, a dzieci i m\u0142odzie\u017c korzysta\u0107 z oferowanych projekt\u00f3w.<\/p>\n<p>Podstaw\u0105 Archiwum jest literacka sp\u00f3\u015bcizna pisarza Hansa Fallady, kt\u00f3ra zosta\u0142a zakupiona w 1987 roku przez Akademi\u0119 Sztuk Pi\u0119knych w NRD, a w 1995 roku przesz\u0142a na w\u0142asno\u015b\u0107 Landu Mecklenburg Vorpommern. Do sp\u00f3\u015bcizny nale\u017c\u0105 mi\u0119dzy innymi manuskrypty powie\u015bci, jak te\u017c r\u0119kopis ciesz\u0105cej si\u0119 najwi\u0119kszym powodzeniem powie\u015bci \u201eCo dalej szary cz\u0142owieku\u201d, korespondencja, w tym oko\u0142o 2000 list\u00f3w od i do wydawcy Fallady Ernsta Rowohlta, prace autobiograficzne i publicystyczne, recenzje i dokumenty prywatne. Kolekcj\u0119 uzupe\u0142nia zbi\u00f3r Centrum Literatury Neubrandenburg o.p.., kt\u00f3re istnieje od roku 1971 i podczas swojej wieloletniej dzia\u0142alno\u015bci odda\u0142o do publicznego u\u017cytku dalsze dokumenty i materia\u0142y naukowe. Wa\u017cne archiwalia, kt\u00f3re umo\u017cliwiaj\u0105 wgl\u0105d w \u017cycie i tw\u00f3rczo\u015b\u0107 pisarza zebrano dzi\u0119ki wsparciu Anny Ditzen &#8211; pierwszej \u017cony Fallady i jego syn\u00f3w. Nale\u017c\u0105 do nich mi\u0119dzy innymi listy rodzinne, kalendarze robocze Hansa Fallady z lat 1933 \u2013 1943 i bogaty zbi\u00f3r fotografii. R\u00f3wnie\u017c inne prywatne osoby przekaza\u0142y Archiwum mi\u0119dzy innymi dokumenty takie jak: \u015bwiadectwa szkolne Hansa Fallady, orginalne r\u0119kopisy np. wczesny epos mi\u0142osny, bogate zbiory ksi\u0105\u017cek, w tym du\u017c\u0105 ilo\u015b\u0107 wyda\u0144 zagranicznych Hansa Fallady. Centrum Literatury kontynuuje r\u00f3wnie\u017c gromadzenie reporta\u017cy prasowych, recenzji, prac naukowych i innych publikacji dotycz\u0105cych pisarza.<\/p>\n<p>&nbsp;<\/p>\n<p><a class=\"extlink\" title=\"zum Literaturzentrum Neubrandenburg\" href=\"http:\/\/www.literaturzentrum-nb.de\/\" target=\"_blank\" rel=\"noopener noreferrer\">Literaturzentrum Neubrandenburg e. V.<\/a><a class=\"jcepopup icon-top-right\" ref=\"magnificPopup\" href=\"https:\/\/fallada.de\/images\/rowohlt_gr.jpg\" target=\"_blank\" rel=\"next noopener noreferrer\" type=\"image\" rev=\"next\"><span class=\"jcemediabox-zoom-span\"><img loading=\"lazy\" decoding=\"async\" class=\"img_float_right_frame alignright\" src=\"https:\/\/fallada.de\/images\/rowohlt_kl.jpg\" alt=\"Handschrift Falladas an seinen Verleger\" width=\"150\" height=\"216\" \/><\/span><\/a><\/p>\n<p>Hans-Fallada-Archiv<br \/>\nOT Carwitz<br \/>\nZum Bohnenwerder 2<br \/>\n17258 Feldberger Seenlandschaft<\/p>\n<p>Tel.\/Fax: 039831\/22334<\/p>\n<p>Korzystanie z Archiwum jest mo\u017cliwe wy\u0142\u0105cznie po wcze\u015bniejszym uzgodnieniu.<br \/>\nZg\u0142oszenia prosz\u0119 kierowa\u0107 pod numer telefonu 0395\/5719182 lub przez e-Mail<br \/>\n<a href=\"mailto:&#105;n&#102;o&#64;&#108;i&#116;e&#114;&#97;tur&#122;en&#116;r&#117;&#109;-&#110;b.d&#101;\">in&#102;&#111;&#64;li&#116;&#101;ra&#116;&#117;r&#122;e&#110;&#116;&#114;um-nb.de<\/a>.<\/p>\n<\/div><\/div><\/div><\/div><\/div><\/div><\/div><\/section>\n","protected":false},"excerpt":{"rendered":"Fallada &#8211; Lebensstationen polnisch Fallada &#8211; Lebensstationen polnisch Fallada &#8211; Werkliste Museum Start polnisch Museum Start polnisch Gesellschaft polnisch Gesellschaft polnisch Gesellschaft &#8211; Publikationen pl Salatgarten &#8211; pl Kooperationspartner &#8211; polnisch Gesellschaft &#8211; Stiftung &#8211; pl Gesellschaft &#8211; Archiv &#8211; pl Links &#8211; polnisch [rev_slider_vc alias=\"Home\"][vc_custom_heading text=\"Archiwum Hansa Fallady\" use_theme_fonts=\"yes\"]Archiwum Hansa Fallady znajduje si\u0119 w...","protected":false},"author":1,"featured_media":0,"parent":0,"menu_order":0,"comment_status":"closed","ping_status":"closed","template":"","meta":{"footnotes":""},"class_list":["post-1294","page","type-page","status-publish","hentry"],"_links":{"self":[{"href":"https:\/\/fallada.de\/pl\/wp-json\/wp\/v2\/pages\/1294","targetHints":{"allow":["GET"]}}],"collection":[{"href":"https:\/\/fallada.de\/pl\/wp-json\/wp\/v2\/pages"}],"about":[{"href":"https:\/\/fallada.de\/pl\/wp-json\/wp\/v2\/types\/page"}],"author":[{"embeddable":true,"href":"https:\/\/fallada.de\/pl\/wp-json\/wp\/v2\/users\/1"}],"replies":[{"embeddable":true,"href":"https:\/\/fallada.de\/pl\/wp-json\/wp\/v2\/comments?post=1294"}],"version-history":[{"count":7,"href":"https:\/\/fallada.de\/pl\/wp-json\/wp\/v2\/pages\/1294\/revisions"}],"predecessor-version":[{"id":4849,"href":"https:\/\/fallada.de\/pl\/wp-json\/wp\/v2\/pages\/1294\/revisions\/4849"}],"wp:attachment":[{"href":"https:\/\/fallada.de\/pl\/wp-json\/wp\/v2\/media?parent=1294"}],"curies":[{"name":"wp","href":"https:\/\/api.w.org\/{rel}","templated":true}]}}