{"id":1292,"date":"2017-10-29T11:57:55","date_gmt":"2017-10-29T10:57:55","guid":{"rendered":"https:\/\/fallada.de\/salatgarten\/"},"modified":"2020-03-15T21:28:25","modified_gmt":"2020-03-15T20:28:25","slug":"salatgarten","status":"publish","type":"page","link":"https:\/\/fallada.de\/pl\/salatgarten\/","title":{"rendered":"Salatgarten &#8211; pl"},"content":{"rendered":"<section class=\"l-section wpb_row height_medium\"><div class=\"l-section-h i-cf\"><div class=\"g-cols vc_row via_flex valign_top type_default stacking_default\"><div class=\"vc_col-sm-3 vc_hidden-sm vc_hidden-xs wpb_column vc_column_container has_bg_color\"><div class=\"vc_column-inner us_custom_65ef063e\"><div class=\"wpb_wrapper\"><div class=\"wpb_widgetised_column wpb_content_element\"><div class=\"wpb_wrapper\"><div id=\"nav_menu-6\" class=\"widget widget_nav_menu\"><div class=\"menu-hauptmenue-container\"><ul id=\"menu-hauptmenue\" class=\"menu\"><li id=\"menu-item-88\" class=\"menu-item menu-item-type-post_type menu-item-object-page menu-item-has-children menu-item-88\"><a href=\"https:\/\/fallada.de\/lebensstationen\/\">Fallada &#8211; Lebensstationen polnisch<\/a>\n<ul class=\"sub-menu\">\n\t<li id=\"menu-item-97\" class=\"menu-item menu-item-type-post_type menu-item-object-page menu-item-97\"><a href=\"https:\/\/fallada.de\/lebensstationen\/\">Fallada &#8211; Lebensstationen polnisch<\/a><\/li>\n\t<li id=\"menu-item-432\" class=\"menu-item menu-item-type-post_type menu-item-object-page menu-item-432\"><a href=\"https:\/\/fallada.de\/werkliste\/\">Fallada &#8211; Werkliste<\/a><\/li>\n<\/ul>\n<\/li>\n<li id=\"menu-item-1138\" class=\"menu-item menu-item-type-post_type menu-item-object-page menu-item-has-children menu-item-1138\"><a href=\"https:\/\/fallada.de\/museum-start\/\">Museum Start polnisch<\/a>\n<ul class=\"sub-menu\">\n\t<li id=\"menu-item-1139\" class=\"menu-item menu-item-type-post_type menu-item-object-page menu-item-1139\"><a href=\"https:\/\/fallada.de\/museum-start\/\">Museum Start polnisch<\/a><\/li>\n<\/ul>\n<\/li>\n<li id=\"menu-item-267\" class=\"menu-item menu-item-type-post_type menu-item-object-page menu-item-has-children menu-item-267\"><a href=\"https:\/\/fallada.de\/hfg\/\">Gesellschaft polnisch<\/a>\n<ul class=\"sub-menu\">\n\t<li id=\"menu-item-266\" class=\"menu-item menu-item-type-post_type menu-item-object-page menu-item-266\"><a href=\"https:\/\/fallada.de\/hfg\/\">Gesellschaft polnisch<\/a><\/li>\n\t<li id=\"menu-item-941\" class=\"menu-item menu-item-type-post_type menu-item-object-page menu-item-941\"><a href=\"https:\/\/fallada.de\/gesellschaft-publikat\/\">Gesellschaft &#8211; Publikationen pl<\/a><\/li>\n\t<li id=\"menu-item-655\" class=\"menu-item menu-item-type-post_type menu-item-object-page menu-item-655\"><a href=\"https:\/\/fallada.de\/salatgarten\/\">Salatgarten &#8211; pl<\/a><\/li>\n\t<li id=\"menu-item-1255\" class=\"menu-item menu-item-type-post_type menu-item-object-page menu-item-has-children menu-item-1255\"><a href=\"https:\/\/fallada.de\/partner\/\">Kooperationspartner &#8211; polnisch<\/a>\n\t<ul class=\"sub-menu\">\n\t\t<li id=\"menu-item-663\" class=\"menu-item menu-item-type-post_type menu-item-object-page menu-item-663\"><a href=\"https:\/\/fallada.de\/gesellschaft-stiftung\/\">Gesellschaft &#8211; Stiftung &#8211; pl<\/a><\/li>\n\t\t<li id=\"menu-item-658\" class=\"menu-item menu-item-type-post_type menu-item-object-page menu-item-658\"><a href=\"https:\/\/fallada.de\/gesellschaft-archiv\/\">Gesellschaft &#8211; Archiv &#8211; pl<\/a><\/li>\n\t<\/ul>\n<\/li>\n\t<li id=\"menu-item-438\" class=\"menu-item menu-item-type-post_type menu-item-object-page menu-item-438\"><a href=\"https:\/\/fallada.de\/links\/\">Links &#8211; polnisch<\/a><\/li>\n<\/ul>\n<\/li>\n<\/ul><\/div><\/div><div id=\"nav_menu-7\" class=\"widget widget_nav_menu\"><\/div><\/div><\/div><\/div><\/div><\/div><div class=\"vc_col-sm-9 wpb_column vc_column_container\"><div class=\"vc_column-inner\"><div class=\"wpb_wrapper\">[rev_slider_vc alias=&#8221;Home&#8221;][vc_custom_heading text=&#8221;Der Salatgarten&#8221; use_theme_fonts=&#8221;yes&#8221;]<div class=\"g-cols wpb_row via_flex valign_top type_default stacking_default\"><div class=\"vc_col-sm-12 wpb_column vc_column_container\"><div class=\"vc_column-inner\"><div class=\"wpb_wrapper\"><div class=\"wpb_text_column\"><div class=\"wpb_wrapper\"><p>P\u00f3\u0142rocznik \u201eSalatgarten\u201d jest biuletynem informacyjnym Stowarzyszenia Hansa Fallady \u0142\u0105cz\u0105cym nowinki z \u017cycia literackiego i muzeum Hansa Fallady z rozprawami z bada\u0144 naukowych po\u015bwi\u0119conych Falladzie. Artyku\u0142y dotycz\u0105ce interpretacji dzie\u0142 i sp\u00f3\u015bcizny autora znajduj\u0105 si\u0119 obok aspekt\u00f3w biograficznych i felieton\u00f3w dotycz\u0105cych wybranych dzie\u0142 literatury. Pocz\u0105tki czasopisma si\u0119gaj\u0105 prze\u0142omu lat 1987\/88, kiedy to po raz pierwszy \u2013 od tego czasu corocznie &#8211; pojawi\u0142 si\u0119 biuletyn Kr\u0119gu Przyjaci\u00f3\u0142 Hansa Fallady, (folder w formacie DIN \u2013 A5).<br \/>\nW 1991 roku zmienia si\u0119 on w magazyn \u201eDoniesie\u0144\u201d Stowarzyszenia Hansa Fallady, kt\u00f3ry pojawia si\u0119 dwa razy w roku, pocz\u0105tkowo licz\u0105c 12 \u2013 16 stron. Od 1994 roku magazyn ukazuje si\u0119 ju\u017c du\u017co obszerniejszy i w nowej szacie graficznej pod nazw\u0105 \u201eSalatgarten\u201d &#8211; ot\u00f3\u017c \u201eSalatgarten\u201d by\u0142 pocz\u0105tkowo faworyzuj\u0105cym tytu\u0142em Hansa Fallady dla jego ulubionej powie\u015bci \u201eGdyby\u015bmy mieli dziecko\u201d (\u201eWir hatten mal ein Kind\u201d).<br \/>\nDo grudnia 2014 roku redakcj\u0105 \u201eSalatgarten\u201d kierowa\u0142 Achim Ditzen, p\u00f3\u017aniej redakcj\u0119 przej\u0119\u0142a Dr. Sabine Koburger. Do zespo\u0142u redakcyjnego nale\u017c\u0105: Lutz Dettmann, Doris Haupt i Hannes Rother.<\/p>\n<p>Magazyn mo\u017cna naby\u0107 w cenie detalicznej 5,50 \u20ac (plus ewentualny koszt przesy\u0142ki), lub jako abonament (dwa wydania rocznie) za 4,50 \u20ac (plus ewentualny koszt przesy\u0142ki). Dla cz\u0142onk\u00f3w Fundacji magazyn jest bezp\u0142atny (cz\u0119\u015b\u0107 sk\u0142adki cz\u0142onkowskiej).<\/p>\n<p>\u201eOg\u00f3lny spis tre\u015bci \u201eSalatgarten\u201d, pocz\u0105wszy od roku 1991\u201d\u00a0&#8211; <a href=\"..\/wp-content\/uploads\/salatgarten.zip\">zip<\/a> &#8211;\u00a0<a href=\"..\/wp-content\/uploads\/salatgarten.pdf\" target=\"_blank\" rel=\"noopener noreferrer\">PDF<\/a><\/p>\n<\/div><\/div><\/div><\/div><\/div><\/div><\/div><\/div><\/div><\/div><\/div><\/section>\n","protected":false},"excerpt":{"rendered":"Fallada &#8211; Lebensstationen polnisch Fallada &#8211; Lebensstationen polnisch Fallada &#8211; Werkliste Museum Start polnisch Museum Start polnisch Gesellschaft polnisch Gesellschaft polnisch Gesellschaft &#8211; Publikationen pl Salatgarten &#8211; pl Kooperationspartner &#8211; polnisch Gesellschaft &#8211; Stiftung &#8211; pl Gesellschaft &#8211; Archiv &#8211; pl Links &#8211; polnisch [rev_slider_vc alias=\"Home\"][vc_custom_heading text=\"Der Salatgarten\" use_theme_fonts=\"yes\"]P\u00f3\u0142rocznik \u201eSalatgarten\u201d jest biuletynem informacyjnym Stowarzyszenia Hansa...","protected":false},"author":1,"featured_media":0,"parent":0,"menu_order":0,"comment_status":"closed","ping_status":"closed","template":"","meta":{"footnotes":""},"class_list":["post-1292","page","type-page","status-publish","hentry"],"_links":{"self":[{"href":"https:\/\/fallada.de\/pl\/wp-json\/wp\/v2\/pages\/1292","targetHints":{"allow":["GET"]}}],"collection":[{"href":"https:\/\/fallada.de\/pl\/wp-json\/wp\/v2\/pages"}],"about":[{"href":"https:\/\/fallada.de\/pl\/wp-json\/wp\/v2\/types\/page"}],"author":[{"embeddable":true,"href":"https:\/\/fallada.de\/pl\/wp-json\/wp\/v2\/users\/1"}],"replies":[{"embeddable":true,"href":"https:\/\/fallada.de\/pl\/wp-json\/wp\/v2\/comments?post=1292"}],"version-history":[{"count":4,"href":"https:\/\/fallada.de\/pl\/wp-json\/wp\/v2\/pages\/1292\/revisions"}],"predecessor-version":[{"id":2518,"href":"https:\/\/fallada.de\/pl\/wp-json\/wp\/v2\/pages\/1292\/revisions\/2518"}],"wp:attachment":[{"href":"https:\/\/fallada.de\/pl\/wp-json\/wp\/v2\/media?parent=1292"}],"curies":[{"name":"wp","href":"https:\/\/api.w.org\/{rel}","templated":true}]}}