{"id":1248,"date":"2017-08-27T18:06:39","date_gmt":"2017-08-27T16:06:39","guid":{"rendered":"https:\/\/fallada.de\/hfg\/"},"modified":"2026-04-09T15:04:09","modified_gmt":"2026-04-09T13:04:09","slug":"hfg","status":"publish","type":"page","link":"https:\/\/fallada.de\/pl\/hfg\/","title":{"rendered":"Gesellschaft polnisch"},"content":{"rendered":"<section class=\"l-section wpb_row height_medium\"><div class=\"l-section-h i-cf\"><div class=\"g-cols vc_row via_flex valign_top type_default stacking_default\"><div class=\"vc_col-sm-3 vc_hidden-sm vc_hidden-xs wpb_column vc_column_container has_bg_color\"><div class=\"vc_column-inner us_custom_65ef063e\"><div class=\"wpb_wrapper\"><div class=\"wpb_widgetised_column wpb_content_element\"><div class=\"wpb_wrapper\"><div id=\"nav_menu-6\" class=\"widget widget_nav_menu\"><div class=\"menu-hauptmenue-container\"><ul id=\"menu-hauptmenue\" class=\"menu\"><li id=\"menu-item-88\" class=\"menu-item menu-item-type-post_type menu-item-object-page menu-item-has-children menu-item-88\"><a href=\"https:\/\/fallada.de\/lebensstationen\/\">Fallada &#8211; Lebensstationen polnisch<\/a>\n<ul class=\"sub-menu\">\n\t<li id=\"menu-item-97\" class=\"menu-item menu-item-type-post_type menu-item-object-page menu-item-97\"><a href=\"https:\/\/fallada.de\/lebensstationen\/\">Fallada &#8211; Lebensstationen polnisch<\/a><\/li>\n\t<li id=\"menu-item-432\" class=\"menu-item menu-item-type-post_type menu-item-object-page menu-item-432\"><a href=\"https:\/\/fallada.de\/werkliste\/\">Fallada &#8211; Werkliste<\/a><\/li>\n<\/ul>\n<\/li>\n<li id=\"menu-item-1138\" class=\"menu-item menu-item-type-post_type menu-item-object-page menu-item-has-children menu-item-1138\"><a href=\"https:\/\/fallada.de\/museum-start\/\">Museum Start polnisch<\/a>\n<ul class=\"sub-menu\">\n\t<li id=\"menu-item-1139\" class=\"menu-item menu-item-type-post_type menu-item-object-page menu-item-1139\"><a href=\"https:\/\/fallada.de\/museum-start\/\">Museum Start polnisch<\/a><\/li>\n<\/ul>\n<\/li>\n<li id=\"menu-item-267\" class=\"menu-item menu-item-type-post_type menu-item-object-page menu-item-has-children menu-item-267\"><a href=\"https:\/\/fallada.de\/hfg\/\">Gesellschaft polnisch<\/a>\n<ul class=\"sub-menu\">\n\t<li id=\"menu-item-266\" class=\"menu-item menu-item-type-post_type menu-item-object-page menu-item-266\"><a href=\"https:\/\/fallada.de\/hfg\/\">Gesellschaft polnisch<\/a><\/li>\n\t<li id=\"menu-item-941\" class=\"menu-item menu-item-type-post_type menu-item-object-page menu-item-941\"><a href=\"https:\/\/fallada.de\/gesellschaft-publikat\/\">Gesellschaft &#8211; Publikationen pl<\/a><\/li>\n\t<li id=\"menu-item-655\" class=\"menu-item menu-item-type-post_type menu-item-object-page menu-item-655\"><a href=\"https:\/\/fallada.de\/salatgarten\/\">Salatgarten &#8211; pl<\/a><\/li>\n\t<li id=\"menu-item-1255\" class=\"menu-item menu-item-type-post_type menu-item-object-page menu-item-has-children menu-item-1255\"><a href=\"https:\/\/fallada.de\/partner\/\">Kooperationspartner &#8211; polnisch<\/a>\n\t<ul class=\"sub-menu\">\n\t\t<li id=\"menu-item-663\" class=\"menu-item menu-item-type-post_type menu-item-object-page menu-item-663\"><a href=\"https:\/\/fallada.de\/gesellschaft-stiftung\/\">Gesellschaft &#8211; Stiftung &#8211; pl<\/a><\/li>\n\t\t<li id=\"menu-item-658\" class=\"menu-item menu-item-type-post_type menu-item-object-page menu-item-658\"><a href=\"https:\/\/fallada.de\/gesellschaft-archiv\/\">Gesellschaft &#8211; Archiv &#8211; pl<\/a><\/li>\n\t<\/ul>\n<\/li>\n\t<li id=\"menu-item-438\" class=\"menu-item menu-item-type-post_type menu-item-object-page menu-item-438\"><a href=\"https:\/\/fallada.de\/links\/\">Links &#8211; polnisch<\/a><\/li>\n<\/ul>\n<\/li>\n<\/ul><\/div><\/div><div id=\"nav_menu-7\" class=\"widget widget_nav_menu\"><\/div><\/div><\/div><\/div><\/div><\/div><div class=\"vc_col-sm-9 wpb_column vc_column_container\"><div class=\"vc_column-inner\"><div class=\"wpb_wrapper\">[rev_slider_vc alias=&#8221;Home&#8221;][vc_custom_heading text=&#8221;Stowarzyszenie Hansa Fallady&#8221; use_theme_fonts=&#8221;yes&#8221;]<div class=\"wpb_text_column\"><div class=\"wpb_wrapper\"><p>Stowarzyszenie Hansa Fallady zosta\u0142o za\u0142o\u017cone w roku 1991 z inicjatywy cz\u0142onk\u00f3w funkcjonuj\u0105cego od 1983 roku \u201eKo\u0142a Przyjaci\u00f3\u0142 Hansa Fallady\u201d, Stowarzyszenie liczy ok 290 cz\u0142onk\u00f3w w kraju i za granic\u0105 i kooperuje z innymi literackimi stowarzyszeniami, jest te\u017c cz\u0142onkiem ALG (Wsp\u00f3lnoty Literackich Towarzystw i Miejsc Pami\u0119ci).<\/p>\n<p>Do zada\u0144 i cel\u00f3w Stowarzyszenia Hansa Fallady nale\u017cy mi\u0119dzy innymi utrzymywanie przy \u017cyciu \u017cyciowych osi\u0105gni\u0119\u0107 literackich pisarza, zajmowanie si\u0119 jego dzie\u0142ami i jego tw\u00f3rczo\u015bci\u0105, uzupe\u0142nianie ich, kultywowanie i udost\u0119pnianie spo\u0142ecze\u0144stwu poprzez odczyty, publikacje, imprezy literackie i wystawy. Ponadto Stowarzyszenie realizuje i wspiera naukowe badania literackie dotycz\u0105ce Hansa Fallady. W centrum stara\u0144 piel\u0119gnacyjnych dziedzictwa stoi posiad\u0142o\u015b\u0107 Fallady w Carwitz.<\/p>\n<p>Stowarzyszenie Hansa Fallady zosta\u0142o w roku 2008 odznaczone przez Wsp\u00f3lnot\u0119 Towarzystw Literackich i Miejsc Pami\u0119ci \u201eNagrod\u0105 Hartmuta Vogela\u201d.<\/p>\n<p>Zarz\u0105d Stowarzyszenia Hansa Fallady sk\u0142ada si\u0119 z nast\u0119puj\u0105cach os\u00f3b:<\/p>\n<p>Przewodnicz\u0105ca \/ przewodnicz\u0105cy &#8211; Christian Winterstein<br \/>\nWiceprzewodnicz\u0105ca \/ wiceprzewodnicz\u0105cy &#8211; Edzard Gall<br \/>\nSkarbnik &#8211; Peter Schulz<br \/>\nAsesor \/ asesor &#8211; Constance von Buchwaldt<br \/>\nAsesor \/ asesor &#8211; Lutz Dettmann<br \/>\nAsesor \/ asesor &#8211; Patricia Fritsch-Lange<br \/>\nAsesor \/ asesor &#8211; Bernd Genennig<\/p>\n<p>Asystent zarz\u0105du &#8211; Doris Haupt<\/p>\n<\/div><\/div><\/div><\/div><\/div><\/div><\/div><\/section>\n","protected":false},"excerpt":{"rendered":"Fallada &#8211; Lebensstationen polnisch Fallada &#8211; Lebensstationen polnisch Fallada &#8211; Werkliste Museum Start polnisch Museum Start polnisch Gesellschaft polnisch Gesellschaft polnisch Gesellschaft &#8211; Publikationen pl Salatgarten &#8211; pl Kooperationspartner &#8211; polnisch Gesellschaft &#8211; Stiftung &#8211; pl Gesellschaft &#8211; Archiv &#8211; pl Links &#8211; polnisch [rev_slider_vc alias=\"Home\"][vc_custom_heading text=\"Stowarzyszenie Hansa Fallady\" use_theme_fonts=\"yes\"]Stowarzyszenie Hansa Fallady zosta\u0142o za\u0142o\u017cone w...","protected":false},"author":1,"featured_media":0,"parent":0,"menu_order":0,"comment_status":"closed","ping_status":"closed","template":"","meta":{"footnotes":""},"class_list":["post-1248","page","type-page","status-publish","hentry"],"_links":{"self":[{"href":"https:\/\/fallada.de\/pl\/wp-json\/wp\/v2\/pages\/1248","targetHints":{"allow":["GET"]}}],"collection":[{"href":"https:\/\/fallada.de\/pl\/wp-json\/wp\/v2\/pages"}],"about":[{"href":"https:\/\/fallada.de\/pl\/wp-json\/wp\/v2\/types\/page"}],"author":[{"embeddable":true,"href":"https:\/\/fallada.de\/pl\/wp-json\/wp\/v2\/users\/1"}],"replies":[{"embeddable":true,"href":"https:\/\/fallada.de\/pl\/wp-json\/wp\/v2\/comments?post=1248"}],"version-history":[{"count":13,"href":"https:\/\/fallada.de\/pl\/wp-json\/wp\/v2\/pages\/1248\/revisions"}],"predecessor-version":[{"id":5031,"href":"https:\/\/fallada.de\/pl\/wp-json\/wp\/v2\/pages\/1248\/revisions\/5031"}],"wp:attachment":[{"href":"https:\/\/fallada.de\/pl\/wp-json\/wp\/v2\/media?parent=1248"}],"curies":[{"name":"wp","href":"https:\/\/api.w.org\/{rel}","templated":true}]}}