{"id":1241,"date":"2018-01-25T12:35:13","date_gmt":"2018-01-25T11:35:13","guid":{"rendered":"https:\/\/fallada.de\/museum-start\/"},"modified":"2020-03-15T21:28:23","modified_gmt":"2020-03-15T20:28:23","slug":"museum-start","status":"publish","type":"page","link":"https:\/\/fallada.de\/pl\/museum-start\/","title":{"rendered":"Museum Start polnisch"},"content":{"rendered":"<section class=\"l-section wpb_row height_medium\"><div class=\"l-section-h i-cf\"><div class=\"g-cols vc_row via_flex valign_top type_default stacking_default\"><div class=\"vc_col-sm-3 vc_hidden-sm vc_hidden-xs wpb_column vc_column_container has_bg_color\"><div class=\"vc_column-inner us_custom_65ef063e\"><div class=\"wpb_wrapper\"><div class=\"wpb_widgetised_column wpb_content_element\"><div class=\"wpb_wrapper\"><div id=\"nav_menu-6\" class=\"widget widget_nav_menu\"><div class=\"menu-hauptmenue-container\"><ul id=\"menu-hauptmenue\" class=\"menu\"><li id=\"menu-item-88\" class=\"menu-item menu-item-type-post_type menu-item-object-page menu-item-has-children menu-item-88\"><a href=\"https:\/\/fallada.de\/lebensstationen\/\">Fallada &#8211; Lebensstationen polnisch<\/a>\n<ul class=\"sub-menu\">\n\t<li id=\"menu-item-97\" class=\"menu-item menu-item-type-post_type menu-item-object-page menu-item-97\"><a href=\"https:\/\/fallada.de\/lebensstationen\/\">Fallada &#8211; Lebensstationen polnisch<\/a><\/li>\n\t<li id=\"menu-item-432\" class=\"menu-item menu-item-type-post_type menu-item-object-page menu-item-432\"><a href=\"https:\/\/fallada.de\/werkliste\/\">Fallada &#8211; Werkliste<\/a><\/li>\n<\/ul>\n<\/li>\n<li id=\"menu-item-1138\" class=\"menu-item menu-item-type-post_type menu-item-object-page menu-item-has-children menu-item-1138\"><a href=\"https:\/\/fallada.de\/museum-start\/\">Museum Start polnisch<\/a>\n<ul class=\"sub-menu\">\n\t<li id=\"menu-item-1139\" class=\"menu-item menu-item-type-post_type menu-item-object-page menu-item-1139\"><a href=\"https:\/\/fallada.de\/museum-start\/\">Museum Start polnisch<\/a><\/li>\n<\/ul>\n<\/li>\n<li id=\"menu-item-267\" class=\"menu-item menu-item-type-post_type menu-item-object-page menu-item-has-children menu-item-267\"><a href=\"https:\/\/fallada.de\/hfg\/\">Gesellschaft polnisch<\/a>\n<ul class=\"sub-menu\">\n\t<li id=\"menu-item-266\" class=\"menu-item menu-item-type-post_type menu-item-object-page menu-item-266\"><a href=\"https:\/\/fallada.de\/hfg\/\">Gesellschaft polnisch<\/a><\/li>\n\t<li id=\"menu-item-941\" class=\"menu-item menu-item-type-post_type menu-item-object-page menu-item-941\"><a href=\"https:\/\/fallada.de\/gesellschaft-publikat\/\">Gesellschaft &#8211; Publikationen pl<\/a><\/li>\n\t<li id=\"menu-item-655\" class=\"menu-item menu-item-type-post_type menu-item-object-page menu-item-655\"><a href=\"https:\/\/fallada.de\/salatgarten\/\">Salatgarten &#8211; pl<\/a><\/li>\n\t<li id=\"menu-item-1255\" class=\"menu-item menu-item-type-post_type menu-item-object-page menu-item-has-children menu-item-1255\"><a href=\"https:\/\/fallada.de\/partner\/\">Kooperationspartner &#8211; polnisch<\/a>\n\t<ul class=\"sub-menu\">\n\t\t<li id=\"menu-item-663\" class=\"menu-item menu-item-type-post_type menu-item-object-page menu-item-663\"><a href=\"https:\/\/fallada.de\/gesellschaft-stiftung\/\">Gesellschaft &#8211; Stiftung &#8211; pl<\/a><\/li>\n\t\t<li id=\"menu-item-658\" class=\"menu-item menu-item-type-post_type menu-item-object-page menu-item-658\"><a href=\"https:\/\/fallada.de\/gesellschaft-archiv\/\">Gesellschaft &#8211; Archiv &#8211; pl<\/a><\/li>\n\t<\/ul>\n<\/li>\n\t<li id=\"menu-item-438\" class=\"menu-item menu-item-type-post_type menu-item-object-page menu-item-438\"><a href=\"https:\/\/fallada.de\/links\/\">Links &#8211; polnisch<\/a><\/li>\n<\/ul>\n<\/li>\n<\/ul><\/div><\/div><div id=\"nav_menu-7\" class=\"widget widget_nav_menu\"><\/div><\/div><\/div><\/div><\/div><\/div><div class=\"vc_col-sm-9 wpb_column vc_column_container\"><div class=\"vc_column-inner\"><div class=\"wpb_wrapper\">[rev_slider_vc alias=&#8221;museum&#8221;][vc_custom_heading text=&#8221;Muzeum Hansa Fallady w Carwitz&#8221; use_theme_fonts=&#8221;yes&#8221;][vc_custom_heading text=&#8221;Drodzy Go\u015bcie,&#8221; font_container=&#8221;tag:h5|text_align:left&#8221; use_theme_fonts=&#8221;yes&#8221;]<div class=\"wpb_text_column\"><div class=\"wpb_wrapper\"><p>Cieszymy si\u0119 bardzo, \u017ce dotarli\u015bcie Pa\u0144stwo na stron\u0119 internetow\u0105 Stowarzyszenia Hansa Fallady, jak r\u00f3wnie\u017c do muzeum pisarza w Carwitz! Aby Pa\u0144stwu u\u015bwiadomi\u0107, \u017ce droga do muzeum jest bardziej op\u0142acalna, pragniemy je Pa\u0144stwu kr\u00f3tko przedstawi\u0107.<\/p>\n<p>Dzisiejsze muzeum Hansy fallady mie\u015bci si\u0119 w jego dawnym domu, w kt\u00f3rym \u017cy\u0142 i pracowa\u0142<br \/>\nw latach 1933 \u2013 1944<\/p>\n<p>Od  roku 1995 Stowarzyszenie Hansa Fallady prowadzi w domu i na ca\u0142ej posiad\u0142o\u015bci \u017cywe muzeum, kt\u00f3re zosta\u0142o przez Rz\u0105d Pa\u0144stwowy uznane za \u201eKulturowe Miejsce Pami\u0119ci o narodowym znaczeniu\u201d.<\/p>\n<p>Spogl\u0105dnijcie Pa\u0144stwo Hansowi Falladzie przez rami\u0119 podczas pisania powie\u015bci w jego pracowni, kt\u00f3ra zosta\u0142a wiernie odrestaurowana i umeblowana oryginalnymi meblami! Tak\u017ce na werandzie, w jadalni \u2013 z oryginalnym wyposa\u017ceniem \u2013 i w kuchni do\u015bwiadczaj\u0105 Pa\u0144stwo z bliska jak \u017cy\u0142 pisarz.<\/p>\n<p>W zadumienie wprowadzi pa\u0144stwa pok\u00f3j tematyczny \u201eHans Fallada, \u017cycie i tw\u00f3rczo\u015b\u0107\u201d &#8211; mie\u015bci si\u0119 on w dawnej sypialni \u2013 Tutaj b\u0119dziecie Pa\u0144stwo podziwia\u0107 jak rozleg\u0142y i kompleksowy jest Dorobek Artystyczny Fallady, oraz jak poch\u0142aniaj\u0105ca i ambiwalentna jest jego biografia. Poznajcie Pa\u0144stwo Fallad\u0119 jako pisarza ksi\u0105\u017cek dla dzieci w dawnym pokoju jego c\u00f3rki Lory, albo ogl\u0105dnijcie kt\u00f3r\u0105\u015b z imponuj\u0105cych dokumentacji, lub te\u017c jedn\u0105 z kresk\u00f3wek opowie\u015bci Fallady w pokoju filmowym, kt\u00f3ry znajduje si\u0119 w dawnym pokoju go\u015bcinnym na pi\u0119trze, gdzie mo\u017cecie Pa\u0144stwo te\u017c podziwia\u0107 odlew po\u015bmiertnej maski tw\u00f3rcy!<\/p>\n<p>Zwied\u017acie Pa\u0144stwo r\u00f3wnie\u017c licz\u0105c\u0105 15 000qm posiad\u0142o\u015b\u0107 Fallady nad jeziorem Carwitz, na kt\u00f3rym znajduje si\u0119 \u015bwietnie stworzona i zgodnie z orygina\u0142em obsadzona tr\u00f3jk\u0105tna rabatka, odrestaurowana zgodnie z zasadami ochrony zabytk\u00f3w pasieka, oryginalnie zrekonstruowana stanica wodna z jego pod\u015bci\u00f3\u0142k\u0105, oraz \u201ek\u0105cik odpoczynkowy nad brzegiem jeziora\u201d. Poznajcie pa\u0144stwo w ten sposob r\u00f3wnie\u017c do\u015bwiadczonego rolnika Fallad\u0119, albo zwyczajnie odpocznijcie  na tym przestronnym, \u015bwietnie utrzymanym terenie!<\/p>\n<p>Mo\u017cecie Pa\u0144stwo r\u00f3wnie\u017c odwiedzic jedn\u0105 z naszych wspania\u0142ych wystaw specjalnych, organizowanych w stodole posiad\u0142o\u015bci, kt\u00f3ra zosta\u0142a zbudowana wraz z domem w 1848 roku. Mo\u017cecie odwiedzi\u0107 jedn\u0105 z naszych licznych imprez w sali stodo\u0142y, lub w naszym  pi\u0119knie po\u0142o\u017conym teatrze stodo\u0142y \u2013 amfiteatrze! Odwied\u017acie r\u00f3wnie\u017c nasze corocznie obchodzone Dni-Hansa-Fallady,kt\u00f3re odbywaj\u0105 si\u0119 w weekend przed lub po jego urodzinach w dniu 2 lipca, lub te\u017c<br \/>\n\u201ePi\u0105tki u Fallady\u201d, nasze letnie imprezy, kt\u00f3re odbywaj\u0105 si\u0119 w ka\u017cdy pi\u0105tek o godz. 20-tej, odczyty, koncerty, przedstawienia teatralne lub projekcje filmowe.<\/p>\n<p>Niezale\u017cnie od tego czy przyje\u017cd\u017cacie Pa\u0144stwo sami czy w grupie oferujemy wiele mo\u017cliwo\u015bci zbli\u017cenia si\u0119 do Hansa Fallady, poprzez zwiedzanie grupowe, wyk\u0142ady, odczyty, spacery literackie, przewodnik po muzeum (124 strony), audioprzewodnik dla dzieci i dla doros\u0142ych lub ksi\u0105\u017ceczki z zagadkami dla dzieci. Wszystko to mo\u017cna naby\u0107 w naszym sklepie muzealnym, w kt\u00f3rym tak\u017ce mo\u017cna kupi\u0107 wszystkie dost\u0119pne tytu\u0142y Fallady jak r\u00f3wnie\u017c ksi\u0105\u017cki-audio, s\u0142uchowiska, ekranizacje, literatur\u0119 sekundarn\u0105, poczt\u00f3wki, pami\u0105tki i mapy turystyczne.<\/p>\n<p>Tak\u017ce dla badaczy Fallady mamy co\u015b specjalnego, a mianowicie w g\u00f3rnej cz\u0119\u015bci stodo\u0142y znajduje si\u0119 prowadzone przez Centrum Literatury  Neubrandenburg, archiwum Hansa Fallady, z kt\u00f3rego mo\u017cna korzysta\u0107 po wcze\u015bniejszym um\u00f3wieniu.<\/p>\n<p>Odwied\u017acie nas! Zanurzcie si\u0119 w Carwitzk\u0105 \u201eSamotno\u015b\u0107 \u015bwiat\u00f3w\u201d Fallady! Rozkoszujcie si\u0119 krajobrazem jeziora Feldberg z jego najpi\u0119kniejszej strony! Serdecznie witamy w muzeum Hansa Fallady!<\/p>\n<\/div><\/div><\/div><\/div><\/div><\/div><\/div><\/section>\n","protected":false},"excerpt":{"rendered":"Fallada &#8211; Lebensstationen polnisch Fallada &#8211; Lebensstationen polnisch Fallada &#8211; Werkliste Museum Start polnisch Museum Start polnisch Gesellschaft polnisch Gesellschaft polnisch Gesellschaft &#8211; Publikationen pl Salatgarten &#8211; pl Kooperationspartner &#8211; polnisch Gesellschaft &#8211; Stiftung &#8211; pl Gesellschaft &#8211; Archiv &#8211; pl Links &#8211; polnisch [rev_slider_vc alias=\"museum\"][vc_custom_heading text=\"Muzeum Hansa Fallady w Carwitz\" use_theme_fonts=\"yes\"][vc_custom_heading text=\"Drodzy Go\u015bcie,\" font_container=\"tag:h5|text_align:left\"...","protected":false},"author":1,"featured_media":0,"parent":0,"menu_order":0,"comment_status":"closed","ping_status":"closed","template":"","meta":{"footnotes":""},"class_list":["post-1241","page","type-page","status-publish","hentry"],"_links":{"self":[{"href":"https:\/\/fallada.de\/pl\/wp-json\/wp\/v2\/pages\/1241","targetHints":{"allow":["GET"]}}],"collection":[{"href":"https:\/\/fallada.de\/pl\/wp-json\/wp\/v2\/pages"}],"about":[{"href":"https:\/\/fallada.de\/pl\/wp-json\/wp\/v2\/types\/page"}],"author":[{"embeddable":true,"href":"https:\/\/fallada.de\/pl\/wp-json\/wp\/v2\/users\/1"}],"replies":[{"embeddable":true,"href":"https:\/\/fallada.de\/pl\/wp-json\/wp\/v2\/comments?post=1241"}],"version-history":[{"count":5,"href":"https:\/\/fallada.de\/pl\/wp-json\/wp\/v2\/pages\/1241\/revisions"}],"predecessor-version":[{"id":2480,"href":"https:\/\/fallada.de\/pl\/wp-json\/wp\/v2\/pages\/1241\/revisions\/2480"}],"wp:attachment":[{"href":"https:\/\/fallada.de\/pl\/wp-json\/wp\/v2\/media?parent=1241"}],"curies":[{"name":"wp","href":"https:\/\/api.w.org\/{rel}","templated":true}]}}