{"id":1205,"date":"2017-09-04T15:03:59","date_gmt":"2017-09-04T13:03:59","guid":{"rendered":"https:\/\/fallada.de\/werkliste\/"},"modified":"2020-03-15T21:28:22","modified_gmt":"2020-03-15T20:28:22","slug":"werkliste","status":"publish","type":"page","link":"https:\/\/fallada.de\/pl\/werkliste\/","title":{"rendered":"Fallada &#8211; Werkliste"},"content":{"rendered":"<section class=\"l-section wpb_row height_medium\"><div class=\"l-section-h i-cf\"><div class=\"g-cols vc_row via_flex valign_top type_default stacking_default\"><div class=\"vc_col-sm-3 vc_hidden-sm vc_hidden-xs wpb_column vc_column_container has_bg_color\"><div class=\"vc_column-inner us_custom_65ef063e\"><div class=\"wpb_wrapper\"><div class=\"wpb_widgetised_column wpb_content_element\"><div class=\"wpb_wrapper\"><div id=\"nav_menu-6\" class=\"widget widget_nav_menu\"><div class=\"menu-hauptmenue-container\"><ul id=\"menu-hauptmenue\" class=\"menu\"><li id=\"menu-item-88\" class=\"menu-item menu-item-type-post_type menu-item-object-page menu-item-has-children menu-item-88\"><a href=\"https:\/\/fallada.de\/lebensstationen\/\">Fallada &#8211; Lebensstationen polnisch<\/a>\n<ul class=\"sub-menu\">\n\t<li id=\"menu-item-97\" class=\"menu-item menu-item-type-post_type menu-item-object-page menu-item-97\"><a href=\"https:\/\/fallada.de\/lebensstationen\/\">Fallada &#8211; Lebensstationen polnisch<\/a><\/li>\n\t<li id=\"menu-item-432\" class=\"menu-item menu-item-type-post_type menu-item-object-page menu-item-432\"><a href=\"https:\/\/fallada.de\/werkliste\/\">Fallada &#8211; Werkliste<\/a><\/li>\n<\/ul>\n<\/li>\n<li id=\"menu-item-1138\" class=\"menu-item menu-item-type-post_type menu-item-object-page menu-item-has-children menu-item-1138\"><a href=\"https:\/\/fallada.de\/museum-start\/\">Museum Start polnisch<\/a>\n<ul class=\"sub-menu\">\n\t<li id=\"menu-item-1139\" class=\"menu-item menu-item-type-post_type menu-item-object-page menu-item-1139\"><a href=\"https:\/\/fallada.de\/museum-start\/\">Museum Start polnisch<\/a><\/li>\n<\/ul>\n<\/li>\n<li id=\"menu-item-267\" class=\"menu-item menu-item-type-post_type menu-item-object-page menu-item-has-children menu-item-267\"><a href=\"https:\/\/fallada.de\/hfg\/\">Gesellschaft polnisch<\/a>\n<ul class=\"sub-menu\">\n\t<li id=\"menu-item-266\" class=\"menu-item menu-item-type-post_type menu-item-object-page menu-item-266\"><a href=\"https:\/\/fallada.de\/hfg\/\">Gesellschaft polnisch<\/a><\/li>\n\t<li id=\"menu-item-941\" class=\"menu-item menu-item-type-post_type menu-item-object-page menu-item-941\"><a href=\"https:\/\/fallada.de\/gesellschaft-publikat\/\">Gesellschaft &#8211; Publikationen pl<\/a><\/li>\n\t<li id=\"menu-item-655\" class=\"menu-item menu-item-type-post_type menu-item-object-page menu-item-655\"><a href=\"https:\/\/fallada.de\/salatgarten\/\">Salatgarten &#8211; pl<\/a><\/li>\n\t<li id=\"menu-item-1255\" class=\"menu-item menu-item-type-post_type menu-item-object-page menu-item-has-children menu-item-1255\"><a href=\"https:\/\/fallada.de\/partner\/\">Kooperationspartner &#8211; polnisch<\/a>\n\t<ul class=\"sub-menu\">\n\t\t<li id=\"menu-item-663\" class=\"menu-item menu-item-type-post_type menu-item-object-page menu-item-663\"><a href=\"https:\/\/fallada.de\/gesellschaft-stiftung\/\">Gesellschaft &#8211; Stiftung &#8211; pl<\/a><\/li>\n\t\t<li id=\"menu-item-658\" class=\"menu-item menu-item-type-post_type menu-item-object-page menu-item-658\"><a href=\"https:\/\/fallada.de\/gesellschaft-archiv\/\">Gesellschaft &#8211; Archiv &#8211; pl<\/a><\/li>\n\t<\/ul>\n<\/li>\n\t<li id=\"menu-item-438\" class=\"menu-item menu-item-type-post_type menu-item-object-page menu-item-438\"><a href=\"https:\/\/fallada.de\/links\/\">Links &#8211; polnisch<\/a><\/li>\n<\/ul>\n<\/li>\n<\/ul><\/div><\/div><div id=\"nav_menu-7\" class=\"widget widget_nav_menu\"><\/div><\/div><\/div><\/div><\/div><\/div><div class=\"vc_col-sm-9 wpb_column vc_column_container\"><div class=\"vc_column-inner\"><div class=\"wpb_wrapper\">[rev_slider_vc alias=&#8221;fallada&#8221;][vc_custom_heading text=&#8221;Lista dzie\u0142&#8221; use_theme_fonts=&#8221;yes&#8221;]<div class=\"g-cols wpb_row via_flex valign_top type_default stacking_default\"><div class=\"vc_col-sm-8 wpb_column vc_column_container\"><div class=\"vc_column-inner\"><div class=\"wpb_wrapper\"><div class=\"wpb_text_column\"><div class=\"wpb_wrapper\"><h4>Wcze\u015bniejsze dzie\u0142a<\/h4>\n<ul>\n<li>Der junge Goedeschal 1920<\/li>\n<li>Anton und Gerda 1923<\/li>\n<\/ul>\n<h4>Pocz\u0105tki literackich sukces\u00f3w<\/h4>\n<ul>\n<li>Bauern, Bonzen und Bomben 1931<\/li>\n<li>Kleiner Mann &#8211; was nun? 1932<\/li>\n<\/ul>\n<h4>Ksi\u0105\u017cki napisane w Carwitz<\/h4>\n<ul>\n<li>\u201cWer einmal aus dem Blechnapf fri\u00dft\u201c, 1934<\/li>\n<li>\u201cWir hatten mal ein Kind\u201c, 1934<\/li>\n<li>\u201cDas M\u00e4rchen vom Stadtschreiber, der aufs Land flog\u201c, 1935<\/li>\n<li>\u201cWizzel Kien, der Narr von Schalkemaren\u201c, 1935<\/li>\n<li>\u201cAltes Herz geht auf die Reise\u201c, 1936<\/li>\n<li>\u201cHoppelpoppel, wo bist du?\u201c, 1936<\/li>\n<li>\u201cWolf unter W\u00f6lfen\u201c, 1937<\/li>\n<li>\u201cDer eiserne Gustav\u201c, 1938<\/li>\n<li>\u201cGeschichten aus der Murkelei\u201c, 1938<\/li>\n<li>\u201cDies Herz, das Dir geh\u00f6rt\u201c, 1939<\/li>\n<li>\u201cKleiner Mann, gro\u00dfer Mann, alles vertauscht\u201c, 1940<\/li>\n<li>\u201cDer ungeliebte Mann\u201c, 1940<\/li>\n<li>\u201cDamals bei uns daheim\u201c, 1941<\/li>\n<li>\u201cEin Mann will hinauf\u201c, 1942<\/li>\n<li>\u201cDer Jungherr von Strammin\u201c, 1943<\/li>\n<li>\u201cHeute bei uns zu Haus\u201c, 1943<\/li>\n<\/ul>\n<h4>P\u00f3\u017aniejsze dzie\u0142a \u2013 z dziedzictwa<\/h4>\n<ul>\n<li>\u201cDer Alpdruck\u201d, 1947<\/li>\n<li>\u201cJeder stirbt f\u00fcr sich allein\u201d, 1947<\/li>\n<li>\u201cZwei zarte L\u00e4mmchen wei\u00df wie Schnee\u201d, 1948<\/li>\n<li>\u201cDer Trinker\u201d, 1950<\/li>\n<li>\u201cEin Mann will hinauf: die Frauen und der Tr\u00e4umer\u201d, 1953<\/li>\n<li>\u201cFridolin, der freche Dachs\u201d, 1954<\/li>\n<li>\u201cDie Stunde, eh\u2019 du schlafen gehst\u201d, 1954<\/li>\n<li>\u201cJunger Herr \u2013 ganz gro\u00df\u201d, 1965 (Titel des Illustrierten-Vorabdrucks: \u201cDer Jungherr von Strammin\u201d)<\/li>\n<li>Das Fr\u00fchwerk, Zwei B\u00e4nde: Romane\/Erz\u00e4hlungen, 1993<\/li>\n<li>\u201cDrei Jahre kein Mensch\u201d, 1993<\/li>\n<li>\u201cDas Herz, das dir geh\u00f6rt\u201d, 1994<\/li>\n<li>\u201cWizzel Kien, der Narr von Schalkemaren\u201d, 1995<\/li>\n<li>\u201cStrafgefangener Zelle 32\u201d, 1998<\/li>\n<li>\u201cPechvogel und Gl\u00fcckskind\u201d, 1998<\/li>\n<\/ul>\n<p>Ta lista zawiera reprezentatywny wyb\u00f3r dzie\u0142 Hansa Fallady.<br \/>\nBli\u017cszych informacji uzyskacie Pa\u0144stwo w <a href=\"https:\/\/fallada.de\/gesellschaft-archiv\/\">archiwum Hansa Fallady<\/a>.<\/p>\n<\/div><\/div><\/div><\/div><\/div><div class=\"vc_col-sm-4 wpb_column vc_column_container\"><div class=\"vc_column-inner\"><div class=\"wpb_wrapper\"><div class=\"w-image us_custom_48a0074b align_none\"><div class=\"w-image-h\"><img decoding=\"async\" width=\"227\" height=\"325\" src=\"https:\/\/fallada.de\/wp-content\/uploads\/2017\/08\/goedeschal_1920.gif\" class=\"attachment-full size-full\" alt=\"\" loading=\"lazy\" \/><\/div><\/div><div class=\"w-image us_custom_48a0074b align_none\"><div class=\"w-image-h\"><img decoding=\"async\" width=\"227\" height=\"363\" src=\"https:\/\/fallada.de\/wp-content\/uploads\/2017\/08\/kleiner-mann-1932-1.gif\" class=\"attachment-full size-full\" alt=\"\" loading=\"lazy\" \/><\/div><\/div><div class=\"w-image us_custom_48a0074b align_none\"><div class=\"w-image-h\"><img decoding=\"async\" width=\"227\" height=\"338\" src=\"https:\/\/fallada.de\/wp-content\/uploads\/2017\/08\/jeder_stirbt_1947.gif\" class=\"attachment-full size-full\" alt=\"\" loading=\"lazy\" \/><\/div><\/div><\/div><\/div><\/div><\/div><\/div><\/div><\/div><\/div><\/div><\/section>\n","protected":false},"excerpt":{"rendered":"Fallada &#8211; Lebensstationen polnisch Fallada &#8211; Lebensstationen polnisch Fallada &#8211; Werkliste Museum Start polnisch Museum Start polnisch Gesellschaft polnisch Gesellschaft polnisch Gesellschaft &#8211; Publikationen pl Salatgarten &#8211; pl Kooperationspartner &#8211; polnisch Gesellschaft &#8211; Stiftung &#8211; pl Gesellschaft &#8211; Archiv &#8211; pl Links &#8211; polnisch [rev_slider_vc alias=\"fallada\"][vc_custom_heading text=\"Lista dzie\u0142\" use_theme_fonts=\"yes\"]Wcze\u015bniejsze dzie\u0142a Der junge Goedeschal 1920 Anton...","protected":false},"author":1,"featured_media":0,"parent":0,"menu_order":0,"comment_status":"closed","ping_status":"closed","template":"","meta":{"footnotes":""},"class_list":["post-1205","page","type-page","status-publish","hentry"],"_links":{"self":[{"href":"https:\/\/fallada.de\/pl\/wp-json\/wp\/v2\/pages\/1205","targetHints":{"allow":["GET"]}}],"collection":[{"href":"https:\/\/fallada.de\/pl\/wp-json\/wp\/v2\/pages"}],"about":[{"href":"https:\/\/fallada.de\/pl\/wp-json\/wp\/v2\/types\/page"}],"author":[{"embeddable":true,"href":"https:\/\/fallada.de\/pl\/wp-json\/wp\/v2\/users\/1"}],"replies":[{"embeddable":true,"href":"https:\/\/fallada.de\/pl\/wp-json\/wp\/v2\/comments?post=1205"}],"version-history":[{"count":5,"href":"https:\/\/fallada.de\/pl\/wp-json\/wp\/v2\/pages\/1205\/revisions"}],"predecessor-version":[{"id":2474,"href":"https:\/\/fallada.de\/pl\/wp-json\/wp\/v2\/pages\/1205\/revisions\/2474"}],"wp:attachment":[{"href":"https:\/\/fallada.de\/pl\/wp-json\/wp\/v2\/media?parent=1205"}],"curies":[{"name":"wp","href":"https:\/\/api.w.org\/{rel}","templated":true}]}}