{"id":1186,"date":"2017-12-15T11:00:04","date_gmt":"2017-12-15T10:00:04","guid":{"rendered":"https:\/\/fallada.de\/gesellschaft-publikat\/"},"modified":"2020-03-15T21:28:21","modified_gmt":"2020-03-15T20:28:21","slug":"gesellschaft-publikat","status":"publish","type":"page","link":"https:\/\/fallada.de\/en\/gesellschaft-publikat\/","title":{"rendered":"Gesellschaft &#8211; Publications"},"content":{"rendered":"<section class=\"l-section wpb_row height_medium\"><div class=\"l-section-h i-cf\"><div class=\"g-cols vc_row via_flex valign_top type_default stacking_default\"><div class=\"vc_col-sm-3 vc_hidden-sm vc_hidden-xs wpb_column vc_column_container has_bg_color\"><div class=\"vc_column-inner us_custom_65ef063e\"><div class=\"wpb_wrapper\"><div class=\"wpb_widgetised_column wpb_content_element\"><div class=\"wpb_wrapper\"><div id=\"nav_menu-6\" class=\"widget widget_nav_menu\"><div class=\"menu-hauptmenue-container\"><ul id=\"menu-hauptmenue\" class=\"menu\"><li id=\"menu-item-88\" class=\"menu-item menu-item-type-post_type menu-item-object-page menu-item-has-children menu-item-88\"><a href=\"https:\/\/fallada.de\/lebensstationen\/\">Fallada &#8211; Stages in life<\/a>\n<ul class=\"sub-menu\">\n\t<li id=\"menu-item-97\" class=\"menu-item menu-item-type-post_type menu-item-object-page menu-item-97\"><a href=\"https:\/\/fallada.de\/lebensstationen\/\">Fallada &#8211; Stages in life<\/a><\/li>\n\t<li id=\"menu-item-432\" class=\"menu-item menu-item-type-post_type menu-item-object-page menu-item-432\"><a href=\"https:\/\/fallada.de\/werkliste\/\">Fallada &#8211; list of works<\/a><\/li>\n<\/ul>\n<\/li>\n<li id=\"menu-item-1138\" class=\"menu-item menu-item-type-post_type menu-item-object-page menu-item-has-children menu-item-1138\"><a href=\"https:\/\/fallada.de\/museum-start\/\">Museum Start eng<\/a>\n<ul class=\"sub-menu\">\n\t<li id=\"menu-item-1139\" class=\"menu-item menu-item-type-post_type menu-item-object-page menu-item-1139\"><a href=\"https:\/\/fallada.de\/museum-start\/\">Museum Start eng<\/a><\/li>\n\t<li id=\"menu-item-1117\" class=\"menu-item menu-item-type-post_type menu-item-object-page menu-item-1117\"><a href=\"https:\/\/fallada.de\/museum-oeffnungszeiten\/\">Opening times and prices<\/a><\/li>\n<\/ul>\n<\/li>\n<li id=\"menu-item-267\" class=\"menu-item menu-item-type-post_type menu-item-object-page menu-item-has-children menu-item-267\"><a href=\"https:\/\/fallada.de\/hfg\/\">The Hans Fallada Society<\/a>\n<ul class=\"sub-menu\">\n\t<li id=\"menu-item-266\" class=\"menu-item menu-item-type-post_type menu-item-object-page menu-item-266\"><a href=\"https:\/\/fallada.de\/hfg\/\">The Hans Fallada Society<\/a><\/li>\n\t<li id=\"menu-item-941\" class=\"menu-item menu-item-type-post_type menu-item-object-page menu-item-941\"><a href=\"https:\/\/fallada.de\/gesellschaft-publikat\/\">Gesellschaft &#8211; Publications<\/a><\/li>\n\t<li id=\"menu-item-655\" class=\"menu-item menu-item-type-post_type menu-item-object-page menu-item-655\"><a href=\"https:\/\/fallada.de\/salatgarten\/\">Salatgarten<\/a><\/li>\n\t<li id=\"menu-item-1255\" class=\"menu-item menu-item-type-post_type menu-item-object-page menu-item-has-children menu-item-1255\"><a href=\"https:\/\/fallada.de\/partner\/\">Cooperation partners<\/a>\n\t<ul class=\"sub-menu\">\n\t\t<li id=\"menu-item-663\" class=\"menu-item menu-item-type-post_type menu-item-object-page menu-item-663\"><a href=\"https:\/\/fallada.de\/gesellschaft-stiftung\/\">Gesellschaft &#8211; Stiftung<\/a><\/li>\n\t\t<li id=\"menu-item-658\" class=\"menu-item menu-item-type-post_type menu-item-object-page menu-item-658\"><a href=\"https:\/\/fallada.de\/gesellschaft-archiv\/\">Hans Fallada Archives<\/a><\/li>\n\t<\/ul>\n<\/li>\n\t<li id=\"menu-item-438\" class=\"menu-item menu-item-type-post_type menu-item-object-page menu-item-438\"><a href=\"https:\/\/fallada.de\/links\/\">Links and Partners<\/a><\/li>\n<\/ul>\n<\/li>\n<\/ul><\/div><\/div><div id=\"nav_menu-7\" class=\"widget widget_nav_menu\"><\/div><\/div><\/div><\/div><\/div><\/div><div class=\"vc_col-sm-9 wpb_column vc_column_container\"><div class=\"vc_column-inner\"><div class=\"wpb_wrapper\">[rev_slider_vc alias=&#8221;Home&#8221;][vc_custom_heading text=&#8221;Publications of the Hans Fallada Society<br \/>\n(2001 &#8211; 2015)&#8221; use_theme_fonts=&#8221;yes&#8221;]<div class=\"wpb_text_column\"><div class=\"wpb_wrapper\">\n<table id=\"tablepress-10\" class=\"tablepress tablepress-id-10\">\n<thead>\n<tr class=\"row-1\">\n\t<th class=\"column-1\">Titel<\/th><th class=\"column-2\">Jahr<\/th>\n<\/tr>\n<\/thead>\n<tbody class=\"row-striping\">\n<tr class=\"row-2\">\n\t<td class=\"column-1\">Postkartenreihe historische Fallada-Motive <\/td><td class=\"column-2\">2001<\/td>\n<\/tr>\n<tr class=\"row-3\">\n\t<td class=\"column-1\">Manfred Kuhnke: ...ich w\u00fcrde es wieder so leben.<br \/>\nZum 100. Geburtstag von Anna Ditzen am 12. M\u00e4rz 2001<br \/>\n<\/td><td class=\"column-2\">2001<\/td>\n<\/tr>\n<tr class=\"row-4\">\n\t<td class=\"column-1\">Postkartenkalender Fallada-Museum 2002<\/td><td class=\"column-2\">2001<\/td>\n<\/tr>\n<tr class=\"row-5\">\n\t<td class=\"column-1\">Chronik des Freundeskreises Hans Fallada und der Hans-Fallada-Gesellschaft 1983 - 2001 (hg. von Patricia Fritsch und Doris Haupt)<\/td><td class=\"column-2\">2001<\/td>\n<\/tr>\n<tr class=\"row-6\">\n\t<td class=\"column-1\">Postkartenkalender Fallada-Museum 2003 <\/td><td class=\"column-2\">2002<\/td>\n<\/tr>\n<tr class=\"row-7\">\n\t<td class=\"column-1\">Postkartenkalender Fallada-Museum 2004<\/td><td class=\"column-2\">2003<\/td>\n<\/tr>\n<tr class=\"row-8\">\n\t<td class=\"column-1\">Hans-Fallada-Jahrbuch Nr. 4 (Beitr\u00e4ge der Konferenz 2002, hg. von der Hans-Fallada-Gesellschaft und dem Literaturzentrum Neubrandenburg)<\/td><td class=\"column-2\">2003<\/td>\n<\/tr>\n<tr class=\"row-9\">\n\t<td class=\"column-1\">Manfred Kuhnke: Das Hans-Fallada-Haus in Carwitz. Ein Museumsf\u00fchrer <\/td><td class=\"column-2\">2004<\/td>\n<\/tr>\n<tr class=\"row-10\">\n\t<td class=\"column-1\">Postkartenkalender Fallada-Museum 2005 <\/td><td class=\"column-2\">2004<\/td>\n<\/tr>\n<tr class=\"row-11\">\n\t<td class=\"column-1\">Postkartenkalender Fallada-Museum 2006 <\/td><td class=\"column-2\">2005 <\/td>\n<\/tr>\n<tr class=\"row-12\">\n\t<td class=\"column-1\">Postkartenkalender Fallada-Museum 2007 <\/td><td class=\"column-2\">2006 <\/td>\n<\/tr>\n<tr class=\"row-13\">\n\t<td class=\"column-1\">Hans-Fallada-Jahrbuch Nr. 5 (Beitr\u00e4ge der Konferenz 2005, hg. von der Hans-Fallada-Gesellschaft und dem Literaturzentrum Neubrandenburg)<\/td><td class=\"column-2\">2006<\/td>\n<\/tr>\n<tr class=\"row-14\">\n\t<td class=\"column-1\">Stefan Kn\u00fcppel: Audiof\u00fchrer durch das Hans-Fallada-Museum \u2013 f\u00fcr Erwachsene <\/td><td class=\"column-2\">2006<\/td>\n<\/tr>\n<tr class=\"row-15\">\n\t<td class=\"column-1\">Landschaft mit Lesezeichen. Hans Fallada in Carwitz. (Ein Film produziert von BMPmotion im Auftrag der hfg und der Kurverwaltung Feldberger Seenlandschaft)<\/td><td class=\"column-2\">2007<\/td>\n<\/tr>\n<tr class=\"row-16\">\n\t<td class=\"column-1\">Hans Fallada im Unterricht. Ein Arbeitsheft f\u00fcr Lehrende und Lernende (hg. von Dr. Rainer Ortner)<\/td><td class=\"column-2\">2009<\/td>\n<\/tr>\n<tr class=\"row-17\">\n\t<td class=\"column-1\">Postkarte \u201eAlles in meinem Leben\u2026\u201c (in Zusammenarbeit mit der ALG) <\/td><td class=\"column-2\">2010<\/td>\n<\/tr>\n<tr class=\"row-18\">\n\t<td class=\"column-1\">Stefan Kn\u00fcppel, Manfred Kuhnke: Das Hans-Fallada-Haus in Carwitz. Ein Museumsf\u00fchrer. (2. akt. Auflage)<\/td><td class=\"column-2\">2011<\/td>\n<\/tr>\n<tr class=\"row-19\">\n\t<td class=\"column-1\">Stefan Kn\u00fcppel: HANS FALLADA. Ein Entdeckungsspaziergang mit M\u00e4usecken Wackelohr und Fridolin, dem frechen Dachs. Mit Zeichnungen von Joachim Lautenschl\u00e4ger<\/td><td class=\"column-2\">2011<\/td>\n<\/tr>\n<tr class=\"row-20\">\n\t<td class=\"column-1\">Stefan Kn\u00fcppel: Audiof\u00fchrer durch das Hans-Fallada-Museum \u2013 f\u00fcr Kinder Hans-Fallada-Jahrbuch Nr. 6 (hg. von Erika Becker, Lutz Dettmann 2012 und Edzard Gall)<\/td><td class=\"column-2\">2012<\/td>\n<\/tr>\n<tr class=\"row-21\">\n\t<td class=\"column-1\">Stefan Kn\u00fcppel, Manfred Kuhnke: Das Hans-Fallada-Haus in Carwitz. Ein Museumsf\u00fchrer. (3. akt. Auflage)<\/td><td class=\"column-2\">2013<\/td>\n<\/tr>\n<tr class=\"row-22\">\n\t<td class=\"column-1\">Postkartenserie (6 Motive): Luftaufnahmen vom Fallada-Museum und Anwesen <\/td><td class=\"column-2\">2014<\/td>\n<\/tr>\n<tr class=\"row-23\">\n\t<td class=\"column-1\">Heide Hampel, Achim Ditzen: Gedenkschrift f\u00fcr Uli Ditzen <\/td><td class=\"column-2\">2014<\/td>\n<\/tr>\n<tr class=\"row-24\">\n\t<td class=\"column-1\">Heide Hampel: 25 Jahre Hans-Fallada-Tage, mit einer Fotoauswahl von Lutz Dettmann<\/td><td class=\"column-2\">2015<\/td>\n<\/tr>\n<tr class=\"row-25\">\n\t<td class=\"column-1\">Chronik der Hans-Fallada-Gesellschaft. Berichte, Dokumente und Bilder 2001-2015 (verfasst und hg. von Patricia Fritsch-Lange und Doris Haupt)<\/td><td class=\"column-2\">2016<\/td>\n<\/tr>\n<tr class=\"row-26\">\n\t<td class=\"column-1\">Hans Fallada und die Literatur(en) zur Finanzwelt (hg. von Daniel B\u00f6rner und Andrea Rudolph im Auftrag der Hans-Fallada-Gesellschaft e.V.)<\/td><td class=\"column-2\">2016<\/td>\n<\/tr>\n<tr class=\"row-27\">\n\t<td class=\"column-1\">\u201eSonst nichts Neues.\u201c Briefe aus dem Ersten Weltkrieg von Hans Falladas Bruder Ulrich Ditzen. (hg. von der Hans-Fallada-Gesellschaft e.V.)<\/td><td class=\"column-2\">2017<\/td>\n<\/tr>\n<\/tbody>\n<\/table>\n<!-- #tablepress-10 from cache -->\n<\/div><\/div><\/div><\/div><\/div><\/div><\/div><\/section>\n","protected":false},"excerpt":{"rendered":"Fallada &#8211; Stages in life Fallada &#8211; Stages in life Fallada &#8211; list of works Museum Start eng Museum Start eng Opening times and prices The Hans Fallada Society The Hans Fallada Society Gesellschaft &#8211; Publications Salatgarten Cooperation partners Gesellschaft &#8211; Stiftung Hans Fallada Archives Links and Partners [rev_slider_vc alias=\"Home\"][vc_custom_heading text=\"Publications of the Hans Fallada...","protected":false},"author":1,"featured_media":0,"parent":0,"menu_order":0,"comment_status":"closed","ping_status":"closed","template":"","meta":{"footnotes":""},"class_list":["post-1186","page","type-page","status-publish","hentry"],"_links":{"self":[{"href":"https:\/\/fallada.de\/en\/wp-json\/wp\/v2\/pages\/1186","targetHints":{"allow":["GET"]}}],"collection":[{"href":"https:\/\/fallada.de\/en\/wp-json\/wp\/v2\/pages"}],"about":[{"href":"https:\/\/fallada.de\/en\/wp-json\/wp\/v2\/types\/page"}],"author":[{"embeddable":true,"href":"https:\/\/fallada.de\/en\/wp-json\/wp\/v2\/users\/1"}],"replies":[{"embeddable":true,"href":"https:\/\/fallada.de\/en\/wp-json\/wp\/v2\/comments?post=1186"}],"version-history":[{"count":3,"href":"https:\/\/fallada.de\/en\/wp-json\/wp\/v2\/pages\/1186\/revisions"}],"predecessor-version":[{"id":2469,"href":"https:\/\/fallada.de\/en\/wp-json\/wp\/v2\/pages\/1186\/revisions\/2469"}],"wp:attachment":[{"href":"https:\/\/fallada.de\/en\/wp-json\/wp\/v2\/media?parent=1186"}],"curies":[{"name":"wp","href":"https:\/\/api.w.org\/{rel}","templated":true}]}}