{"id":1110,"date":"2018-01-02T20:43:11","date_gmt":"2018-01-02T19:43:11","guid":{"rendered":"https:\/\/fallada.de\/museum-oeffnungszeiten_2\/"},"modified":"2022-05-28T12:07:18","modified_gmt":"2022-05-28T10:07:18","slug":"museum-oeffnungszeiten_2","status":"publish","type":"page","link":"https:\/\/fallada.de\/en\/museum-oeffnungszeiten_2\/","title":{"rendered":"Opening times and prices"},"content":{"rendered":"<section class=\"l-section wpb_row height_medium\"><div class=\"l-section-h i-cf\"><div class=\"g-cols vc_row via_flex valign_top type_default stacking_default\"><div class=\"vc_col-sm-3 vc_hidden-sm vc_hidden-xs wpb_column vc_column_container has_bg_color\"><div class=\"vc_column-inner us_custom_65ef063e\"><div class=\"wpb_wrapper\"><div class=\"wpb_widgetised_column wpb_content_element\"><div class=\"wpb_wrapper\"><div id=\"nav_menu-6\" class=\"widget widget_nav_menu\"><div class=\"menu-hauptmenue-container\"><ul id=\"menu-hauptmenue\" class=\"menu\"><li id=\"menu-item-88\" class=\"menu-item menu-item-type-post_type menu-item-object-page menu-item-has-children menu-item-88\"><a href=\"https:\/\/fallada.de\/lebensstationen\/\">Fallada &#8211; Stages in life<\/a>\n<ul class=\"sub-menu\">\n\t<li id=\"menu-item-97\" class=\"menu-item menu-item-type-post_type menu-item-object-page menu-item-97\"><a href=\"https:\/\/fallada.de\/lebensstationen\/\">Fallada &#8211; Stages in life<\/a><\/li>\n\t<li id=\"menu-item-432\" class=\"menu-item menu-item-type-post_type menu-item-object-page menu-item-432\"><a href=\"https:\/\/fallada.de\/werkliste\/\">Fallada &#8211; list of works<\/a><\/li>\n<\/ul>\n<\/li>\n<li id=\"menu-item-1138\" class=\"menu-item menu-item-type-post_type menu-item-object-page menu-item-has-children menu-item-1138\"><a href=\"https:\/\/fallada.de\/museum-start\/\">Museum Start eng<\/a>\n<ul class=\"sub-menu\">\n\t<li id=\"menu-item-1139\" class=\"menu-item menu-item-type-post_type menu-item-object-page menu-item-1139\"><a href=\"https:\/\/fallada.de\/museum-start\/\">Museum Start eng<\/a><\/li>\n\t<li id=\"menu-item-1117\" class=\"menu-item menu-item-type-post_type menu-item-object-page menu-item-1117\"><a href=\"https:\/\/fallada.de\/museum-oeffnungszeiten\/\">Opening times and prices<\/a><\/li>\n<\/ul>\n<\/li>\n<li id=\"menu-item-267\" class=\"menu-item menu-item-type-post_type menu-item-object-page menu-item-has-children menu-item-267\"><a href=\"https:\/\/fallada.de\/hfg\/\">The Hans Fallada Society<\/a>\n<ul class=\"sub-menu\">\n\t<li id=\"menu-item-266\" class=\"menu-item menu-item-type-post_type menu-item-object-page menu-item-266\"><a href=\"https:\/\/fallada.de\/hfg\/\">The Hans Fallada Society<\/a><\/li>\n\t<li id=\"menu-item-941\" class=\"menu-item menu-item-type-post_type menu-item-object-page menu-item-941\"><a href=\"https:\/\/fallada.de\/gesellschaft-publikat\/\">Gesellschaft &#8211; Publications<\/a><\/li>\n\t<li id=\"menu-item-655\" class=\"menu-item menu-item-type-post_type menu-item-object-page menu-item-655\"><a href=\"https:\/\/fallada.de\/salatgarten\/\">Salatgarten<\/a><\/li>\n\t<li id=\"menu-item-1255\" class=\"menu-item menu-item-type-post_type menu-item-object-page menu-item-has-children menu-item-1255\"><a href=\"https:\/\/fallada.de\/partner\/\">Cooperation partners<\/a>\n\t<ul class=\"sub-menu\">\n\t\t<li id=\"menu-item-663\" class=\"menu-item menu-item-type-post_type menu-item-object-page menu-item-663\"><a href=\"https:\/\/fallada.de\/gesellschaft-stiftung\/\">Gesellschaft &#8211; Stiftung<\/a><\/li>\n\t\t<li id=\"menu-item-658\" class=\"menu-item menu-item-type-post_type menu-item-object-page menu-item-658\"><a href=\"https:\/\/fallada.de\/gesellschaft-archiv\/\">Hans Fallada Archives<\/a><\/li>\n\t<\/ul>\n<\/li>\n\t<li id=\"menu-item-438\" class=\"menu-item menu-item-type-post_type menu-item-object-page menu-item-438\"><a href=\"https:\/\/fallada.de\/links\/\">Links and Partners<\/a><\/li>\n<\/ul>\n<\/li>\n<\/ul><\/div><\/div><div id=\"nav_menu-7\" class=\"widget widget_nav_menu\"><\/div><\/div><\/div><\/div><\/div><\/div><div class=\"vc_col-sm-9 wpb_column vc_column_container\"><div class=\"vc_column-inner\"><div class=\"wpb_wrapper\">[rev_slider_vc alias=&#8221;Home&#8221;][vc_custom_heading text=&#8221;The Hans Fallada Museum in Carwitz&#8221; use_theme_fonts=&#8221;yes&#8221;][vc_custom_heading text=&#8221;Museum opening times (except Mondays) and prices&#8221; font_container=&#8221;tag:h5|text_align:left&#8221; use_theme_fonts=&#8221;yes&#8221;]<div class=\"wpb_text_column\"><div class=\"wpb_wrapper\"><p><span style=\"display: inline !important; float: none; background-color: transparent; color: #333333; cursor: text; font-family: -apple-system,BlinkMacSystemFont,'Segoe UI',Roboto,Oxygen-Sans,Ubuntu,Cantarell,'Helvetica Neue',sans-serif; font-size: 16px; font-style: normal; font-variant: normal; font-weight: 400; letter-spacing: normal; orphans: 2; text-align: left; text-decoration: none; text-indent: 0px; text-transform: none; -webkit-text-stroke-width: 0px; white-space: normal; word-spacing: 0px;\">\n<table id=\"tablepress-2\" class=\"tablepress tablepress-id-2 tbody-has-connected-cells\">\n<tbody class=\"row-striping\">\n<tr class=\"row-1\">\n\t<td class=\"column-1\">April bis Oktober<br \/>\ndienstags bis sonntags<br \/>\nund feiertags<\/td><td class=\"column-2\">10 - 17 Uhr<\/td>\n<\/tr>\n<tr class=\"row-2\">\n\t<td class=\"column-1\">November bis M\u00e4rz<br \/>\nsa, so und feiertags: <br \/>\nzus\u00e4tzlich nach Vereinbarung<\/td><td class=\"column-2\">13 - 16 Uhr<\/td>\n<\/tr>\n<tr class=\"row-3\">\n\t<td colspan=\"2\" class=\"column-1\">W\u00e4hrend der Wintersaison sind zus\u00e4tzliche \u00d6ffnungszeiten f\u00fcr Gruppen nach Vereinbarung m\u00f6glich.<br \/>\nVom 24.12. bis zum 01.01. bleibt das Museum geschlossen.<\/td>\n<\/tr>\n<tr class=\"row-4\">\n\t<td class=\"column-1\">Eintritt:<\/td><td class=\"column-2\">8,00 \u20ac<br \/>\n7,50 \u20ac mit G\u00e4stekarte<\/td>\n<\/tr>\n<tr class=\"row-5\">\n\t<td class=\"column-1\">erm\u00e4\u00dfigter Eintritt:*<\/td><td class=\"column-2\">6,00 \u20ac<br \/>\n5,50 \u20ac mit G\u00e4stekarte<\/td>\n<\/tr>\n<tr class=\"row-6\">\n\t<td class=\"column-1\">Sch\u00fcler:<\/td><td class=\"column-2\">4,00 \u20ac<br \/>\n3,50 \u20ac mit G\u00e4stekarte<\/td>\n<\/tr>\n<tr class=\"row-7\">\n\t<td class=\"column-1\">Kinder bis zum schulpflichtigen Alter:<\/td><td class=\"column-2\">freier Eintritt<\/td>\n<\/tr>\n<tr class=\"row-8\">\n\t<td colspan=\"2\" class=\"column-1\">Familienrabatt: Zwei Erwachsene in Begleitung mindestens zweier erm\u00e4\u00dfigungsberechtigter Kinder zahlen ebenfalls den erm\u00e4\u00dfigten Eintritt. Au\u00dferdem gibt es ein Kinderr\u00e4tselheft f\u00fcr den Museumsrundgang gratis!<\/td>\n<\/tr>\n<tr class=\"row-9\">\n\t<td colspan=\"2\" class=\"column-1\">*Erm\u00e4\u00dfigungsberechtigt sind Studenten, Auszubildende, Freiwilligendienstleistende, Arbeitslose und Schwerbehinderte. <\/td>\n<\/tr>\n<tr class=\"row-10\">\n\t<td colspan=\"2\" class=\"column-1\">Die Eintrittspreise gelten f\u00fcr Haus, Scheune und Garten. Der Garten ist als Teil des Museums eintrittspflichtig.<\/td>\n<\/tr>\n<\/tbody>\n<\/table>\n<!-- #tablepress-2 from cache --><\/span><\/p>\n<\/div><\/div><\/div><\/div><\/div><\/div><\/div><\/section>\n","protected":false},"excerpt":{"rendered":"Fallada &#8211; Stages in life Fallada &#8211; Stages in life Fallada &#8211; list of works Museum Start eng Museum Start eng Opening times and prices The Hans Fallada Society The Hans Fallada Society Gesellschaft &#8211; Publications Salatgarten Cooperation partners Gesellschaft &#8211; Stiftung Hans Fallada Archives Links and Partners [rev_slider_vc alias=\"Home\"][vc_custom_heading text=\"The Hans Fallada Museum in...","protected":false},"author":1,"featured_media":0,"parent":0,"menu_order":0,"comment_status":"closed","ping_status":"closed","template":"","meta":{"footnotes":""},"class_list":["post-1110","page","type-page","status-publish","hentry"],"_links":{"self":[{"href":"https:\/\/fallada.de\/en\/wp-json\/wp\/v2\/pages\/1110","targetHints":{"allow":["GET"]}}],"collection":[{"href":"https:\/\/fallada.de\/en\/wp-json\/wp\/v2\/pages"}],"about":[{"href":"https:\/\/fallada.de\/en\/wp-json\/wp\/v2\/types\/page"}],"author":[{"embeddable":true,"href":"https:\/\/fallada.de\/en\/wp-json\/wp\/v2\/users\/1"}],"replies":[{"embeddable":true,"href":"https:\/\/fallada.de\/en\/wp-json\/wp\/v2\/comments?post=1110"}],"version-history":[{"count":8,"href":"https:\/\/fallada.de\/en\/wp-json\/wp\/v2\/pages\/1110\/revisions"}],"predecessor-version":[{"id":3712,"href":"https:\/\/fallada.de\/en\/wp-json\/wp\/v2\/pages\/1110\/revisions\/3712"}],"wp:attachment":[{"href":"https:\/\/fallada.de\/en\/wp-json\/wp\/v2\/media?parent=1110"}],"curies":[{"name":"wp","href":"https:\/\/api.w.org\/{rel}","templated":true}]}}